{"id":151,"date":"2020-10-20T16:10:01","date_gmt":"2020-10-20T14:10:01","guid":{"rendered":"http:\/\/elsimco.com\/sf87002\/?page_id=151"},"modified":"2020-11-16T12:07:00","modified_gmt":"2020-11-16T11:07:00","slug":"contact","status":"publish","type":"page","link":"http:\/\/elsimco.com\/sf87002\/index.php\/contact\/","title":{"rendered":"Contacts"},"content":{"rendered":"\n<p><strong>Nous rencontrer :<\/strong><\/p>\n\n\n\n<p>Si\u00e8ge social &#8211; 253 rue Saint-Honor\u00e9, 75001 PARIS<\/p>\n\n\n\n<p>Bureau d&rsquo;\u00e9tudes &#8211; 12 rue Vauvilliers, 75001 PARIS<\/p>\n\n\n\n<p>Administration\/Finances &#8211; 15 avenue de Norv\u00e8ge, 91140 VILLEBON-SUR-YVETTE<\/p>\n\n\n\n<div style=\"height:20px\" aria-hidden=\"true\" class=\"wp-block-spacer\"><\/div>\n\n\n\n<p><strong>Nous contacter :<\/strong><\/p>\n\n\n\n<p><strong>M. Franck SIMON<\/strong> &#8211; Directeur commercial<\/p>\n\n\n\n<p>Mob. : 06 35 27 27 12<\/p>\n\n\n\n<p>Mail : franck.simon@elsimco.com<\/p>\n\n\n\n<hr class=\"wp-block-separator\"\/>\n\n\n\n<p><strong>M. Martin DUPR\u00c9<\/strong> &#8211; Charg\u00e9 d\u2019affaires<\/p>\n\n\n\n<p>Mob. : 06 25 27 97 50<\/p>\n\n\n\n<p>Mail : martin.dupre@elsimco.com<\/p>\n","protected":false},"excerpt":{"rendered":"<p>Nous rencontrer : Si\u00e8ge social &#8211; 253 rue Saint-Honor\u00e9, 75001 PARIS Bureau d&rsquo;\u00e9tudes &#8211; 12 rue Vauvilliers, 75001 PARIS Administration\/Finances &#8211; 15 avenue de Norv\u00e8ge, 91140 VILLEBON-SUR-YVETTE Nous contacter : M. Franck SIMON &#8211; Directeur commercial Mob. : 06 35 27 27 12 Mail : franck.simon@elsimco.com M. Martin DUPR\u00c9 &#8211; Charg\u00e9 d\u2019affaires Mob. : 06 [&hellip;]<\/p>\n","protected":false},"author":1,"featured_media":0,"parent":0,"menu_order":0,"comment_status":"closed","ping_status":"closed","template":"","meta":{"footnotes":""},"class_list":["post-151","page","type-page","status-publish","hentry"],"_links":{"self":[{"href":"http:\/\/elsimco.com\/sf87002\/index.php\/wp-json\/wp\/v2\/pages\/151","targetHints":{"allow":["GET"]}}],"collection":[{"href":"http:\/\/elsimco.com\/sf87002\/index.php\/wp-json\/wp\/v2\/pages"}],"about":[{"href":"http:\/\/elsimco.com\/sf87002\/index.php\/wp-json\/wp\/v2\/types\/page"}],"author":[{"embeddable":true,"href":"http:\/\/elsimco.com\/sf87002\/index.php\/wp-json\/wp\/v2\/users\/1"}],"replies":[{"embeddable":true,"href":"http:\/\/elsimco.com\/sf87002\/index.php\/wp-json\/wp\/v2\/comments?post=151"}],"version-history":[{"count":16,"href":"http:\/\/elsimco.com\/sf87002\/index.php\/wp-json\/wp\/v2\/pages\/151\/revisions"}],"predecessor-version":[{"id":299,"href":"http:\/\/elsimco.com\/sf87002\/index.php\/wp-json\/wp\/v2\/pages\/151\/revisions\/299"}],"wp:attachment":[{"href":"http:\/\/elsimco.com\/sf87002\/index.php\/wp-json\/wp\/v2\/media?parent=151"}],"curies":[{"name":"wp","href":"https:\/\/api.w.org\/{rel}","templated":true}]}}