{"id":201,"date":"2020-10-19T17:42:07","date_gmt":"2020-10-19T15:42:07","guid":{"rendered":"http:\/\/elsimco.com\/sf87002\/?page_id=201"},"modified":"2020-11-16T16:29:56","modified_gmt":"2020-11-16T15:29:56","slug":"recrutement","status":"publish","type":"page","link":"http:\/\/elsimco.com\/sf87002\/index.php\/recrutement\/","title":{"rendered":"Recrutement"},"content":{"rendered":"\n<p><strong>ASSISTANCE AU RECRUTEMENT<\/strong><\/p>\n\n\n\n<p>Vos recrutements d\u2019aujourd\u2019hui sont votre performance de demain, ils repr\u00e9sentent une action v\u00e9ritablement strat\u00e9gique, c\u2019est pourquoi Elsimco s\u2019engage \u00e0 vos c\u00f4t\u00e9s pour en faire une \u00e9tape cl\u00e9 de votre r\u00e9ussite.<\/p>\n\n\n\n<p>Identifier les candidats \u00e0 fort potentiel dans les meilleurs d\u00e9lais : nous r\u00e9pondons \u00e0 cette double exigence de qualit\u00e9 et de r\u00e9activit\u00e9 gr\u00e2ce \u00e0 nos sp\u00e9cialisations par m\u00e9tier et secteur. Notre expertise vous garantit un service sur mesure et une parfaite compr\u00e9hension de vos besoins. Elle permet de r\u00e9pondre rapidement et de fa\u00e7on pertinente \u00e0 la demande croissante des candidats de se voir pr\u00e9senter un \u00e9ventail d\u2019opportunit\u00e9s.<\/p>\n\n\n\n<p>Notre approche associe des m\u00e9thodes de recherche choisies en fonction des postes \u00e0 pourvoir. Elsimco privil\u00e9gie la proximit\u00e9, la relation client et l&rsquo;humain pour mener avec talent les missions que vous nous confierez.<\/p>\n\n\n\n<p>Notre organisation garantit \u00e0 nos prestations de recrutement une r\u00e9activit\u00e9, une qualit\u00e9 de service, une capacit\u00e9 \u00e0 vous proposer les candidats \u00e0 fort potentiel et \u00e0 d\u00e9celer les profils les plus motiv\u00e9s.<\/p>\n\n\n\n<p>Notre professionnalisme et notre d\u00e9sir d\u2019exigence nous conduisent \u00e0 suivre l&rsquo;int\u00e9gration des candidats recrut\u00e9s afin de finaliser notre mission et d\u2019atteindre les conditions optimales de r\u00e9ussite.<\/p>\n\n\n\n<div style=\"height:20px\" aria-hidden=\"true\" class=\"wp-block-spacer\"><\/div>\n\n\n\n<p><strong>GAMME DE PRESTATIONS&nbsp;:<\/strong><\/p>\n\n\n\n<p><strong>Niveau 1 : S\u00e9lection de Curriculum Vitae<\/strong><\/p>\n\n\n\n<p>Nous s\u00e9lectionnons pour vous et vous transmettons des profils correspondant \u00e0 vos attentes.<\/p>\n\n\n\n<hr class=\"wp-block-separator\"\/>\n\n\n\n<p><strong>Niveau 2 : Tests techniques et comportementaux<\/strong><\/p>\n\n\n\n<p>Nous faisons passer nos tests \u00e0 des candidats identifi\u00e9s par vos soins ou \u00e0 vos salari\u00e9s dans le cadre de coaching et gestion de carri\u00e8re.<\/p>\n\n\n\n<hr class=\"wp-block-separator\"\/>\n\n\n\n<p><strong>Niveau 3 : Recrutement &#8211; Inclus Niveaux 1 et 2<\/strong><\/p>\n\n\n\n<p>Sourcing, s\u00e9lection des candidats apr\u00e8s tests et entretiens, transmission des dossiers avec synth\u00e8se compl\u00e8te.<\/p>\n\n\n\n<hr class=\"wp-block-separator\"\/>\n\n\n\n<p><strong>Niveau 4 : Approche directe<\/strong><\/p>\n\n\n\n<p>Nous chassons pour vous les profils \u00e0 fort potentiel et leur proposons en toute confidentialit\u00e9 des opportunit\u00e9s de changement professionnel.<\/p>\n\n\n\n<hr class=\"wp-block-separator\"\/>\n\n\n\n<p class=\"has-text-align-center\">Notre atout : combiner plusieurs approches pour recruter vos futurs talents<\/p>\n","protected":false},"excerpt":{"rendered":"<p>ASSISTANCE AU RECRUTEMENT Vos recrutements d\u2019aujourd\u2019hui sont votre performance de demain, ils repr\u00e9sentent une action v\u00e9ritablement strat\u00e9gique, c\u2019est pourquoi Elsimco s\u2019engage \u00e0 vos c\u00f4t\u00e9s pour en faire une \u00e9tape cl\u00e9 de votre r\u00e9ussite. Identifier les candidats \u00e0 fort potentiel dans les meilleurs d\u00e9lais : nous r\u00e9pondons \u00e0 cette double exigence de qualit\u00e9 et de r\u00e9activit\u00e9 [&hellip;]<\/p>\n","protected":false},"author":1,"featured_media":0,"parent":0,"menu_order":0,"comment_status":"closed","ping_status":"closed","template":"","meta":{"footnotes":""},"class_list":["post-201","page","type-page","status-publish","hentry"],"_links":{"self":[{"href":"http:\/\/elsimco.com\/sf87002\/index.php\/wp-json\/wp\/v2\/pages\/201","targetHints":{"allow":["GET"]}}],"collection":[{"href":"http:\/\/elsimco.com\/sf87002\/index.php\/wp-json\/wp\/v2\/pages"}],"about":[{"href":"http:\/\/elsimco.com\/sf87002\/index.php\/wp-json\/wp\/v2\/types\/page"}],"author":[{"embeddable":true,"href":"http:\/\/elsimco.com\/sf87002\/index.php\/wp-json\/wp\/v2\/users\/1"}],"replies":[{"embeddable":true,"href":"http:\/\/elsimco.com\/sf87002\/index.php\/wp-json\/wp\/v2\/comments?post=201"}],"version-history":[{"count":14,"href":"http:\/\/elsimco.com\/sf87002\/index.php\/wp-json\/wp\/v2\/pages\/201\/revisions"}],"predecessor-version":[{"id":302,"href":"http:\/\/elsimco.com\/sf87002\/index.php\/wp-json\/wp\/v2\/pages\/201\/revisions\/302"}],"wp:attachment":[{"href":"http:\/\/elsimco.com\/sf87002\/index.php\/wp-json\/wp\/v2\/media?parent=201"}],"curies":[{"name":"wp","href":"https:\/\/api.w.org\/{rel}","templated":true}]}}